{"id":142,"date":"2019-11-02T20:56:29","date_gmt":"2019-11-02T19:56:29","guid":{"rendered":"https:\/\/www.judomiesbach.de\/?page_id=142"},"modified":"2019-11-02T20:56:29","modified_gmt":"2019-11-02T19:56:29","slug":"judo-fuer-kleine","status":"publish","type":"page","link":"https:\/\/www.judomiesbach.de\/?page_id=142","title":{"rendered":"Judo f\u00fcr Kleine"},"content":{"rendered":"\n<p>Judo spielend lernen oder auch Judo Im Elementarbereich ist ein Konzept des Deutschen Judo Bundes.<\/p>\n\n\n\n<p>Es geht dabei um die Entwicklung sozialer und vor allem der motorischen F\u00e4higkeiten.<\/p>\n\n\n\n<p>Dieses Konzept ist entwickelt worden, um der bedenklichen Abnahme der k\u00f6rperlichen Leistungsf\u00e4higkeit unsere Kinder im Vor-und Grundschulalter entgegenzuwirken.<\/p>\n\n\n\n<p>Durch gezielte \u00dcbungen und Spiele soll erreicht werden:<\/p>\n\n\n\n<ul class=\"wp-block-list\"><li>Kr\u00e4ftigung der Rumpf- und St\u00fctzmuskulatur<\/li><li>Grundfertigkeiten wie Laufen, Springen, Rollen<\/li><li>Gleichgewichtsschulung<\/li><li>Rhythmusf\u00e4higkeit<\/li><li>Entwicklung des Bewegungsempfindens<\/li><li>Verbesserung der Koordination<\/li><li>Und nat\u00fcrlich durch das gemeinsame Training, die Schulung des Einf\u00fchlungsverm\u00f6gens und Wertehaltungen wie Respekt, Mut, usw.<\/li><\/ul>\n\n\n\n<p>Bei aller Konzentration und Ernsthaftigkeit darf der Spa\u00df nat\u00fcrlich nicht zu Kurz kommen. Denn wir wollen unseren Kinder Lust auf Bewegung machen.<\/p>\n\n\n\n<p>Wenn Sie mehr \u00fcber dieses Programm erfahren m\u00f6chten kommen Sie einfach vorbei oder kontaktieren uns. -> Kontakt<\/p>\n","protected":false},"excerpt":{"rendered":"<p>Judo spielend lernen oder auch Judo Im Elementarbereich ist ein Konzept des Deutschen Judo Bundes. Es geht dabei um die Entwicklung sozialer und vor allem der motorischen F\u00e4higkeiten. Dieses Konzept ist entwickelt worden, um der bedenklichen Abnahme der k\u00f6rperlichen Leistungsf\u00e4higkeit unsere Kinder im Vor-und Grundschulalter entgegenzuwirken. Durch gezielte \u00dcbungen und Spiele soll erreicht werden: Kr\u00e4ftigung &hellip; <a href=\"https:\/\/www.judomiesbach.de\/?page_id=142\" class=\"more-link\"><span class=\"screen-reader-text\">\u201eJudo f\u00fcr Kleine\u201c <\/span>weiterlesen<\/a><\/p>\n","protected":false},"author":1,"featured_media":0,"parent":0,"menu_order":0,"comment_status":"closed","ping_status":"closed","template":"","meta":{"footnotes":""},"class_list":["post-142","page","type-page","status-publish","hentry"],"_links":{"self":[{"href":"https:\/\/www.judomiesbach.de\/index.php?rest_route=\/wp\/v2\/pages\/142","targetHints":{"allow":["GET"]}}],"collection":[{"href":"https:\/\/www.judomiesbach.de\/index.php?rest_route=\/wp\/v2\/pages"}],"about":[{"href":"https:\/\/www.judomiesbach.de\/index.php?rest_route=\/wp\/v2\/types\/page"}],"author":[{"embeddable":true,"href":"https:\/\/www.judomiesbach.de\/index.php?rest_route=\/wp\/v2\/users\/1"}],"replies":[{"embeddable":true,"href":"https:\/\/www.judomiesbach.de\/index.php?rest_route=%2Fwp%2Fv2%2Fcomments&post=142"}],"version-history":[{"count":1,"href":"https:\/\/www.judomiesbach.de\/index.php?rest_route=\/wp\/v2\/pages\/142\/revisions"}],"predecessor-version":[{"id":143,"href":"https:\/\/www.judomiesbach.de\/index.php?rest_route=\/wp\/v2\/pages\/142\/revisions\/143"}],"wp:attachment":[{"href":"https:\/\/www.judomiesbach.de\/index.php?rest_route=%2Fwp%2Fv2%2Fmedia&parent=142"}],"curies":[{"name":"wp","href":"https:\/\/api.w.org\/{rel}","templated":true}]}}